{"id":3872,"date":"2023-11-19T13:16:25","date_gmt":"2023-11-19T13:16:25","guid":{"rendered":"https:\/\/dundarlarmakina.com\/?page_id=3872"},"modified":"2023-11-19T13:18:34","modified_gmt":"2023-11-19T13:18:34","slug":"ana-sayfa","status":"publish","type":"page","link":"https:\/\/dundarlarmakina.com\/fr\/","title":{"rendered":"Home"},"content":{"rendered":"<section class=\"wpb-content-wrapper\"><p>[vc_row parallax=\u00a0\u00bbcontent-moving\u00a0\u00bb parallax_image=\u00a0\u00bb2328&Prime; css=\u00a0\u00bb.vc_custom_1589474946843{margin-top: 15px !important;margin-bottom: 10px !important;background-position: center;background-repeat: no-repeat;background-size:contain !important;}\u00a0\u00bb][vc_column css=\u00a0\u00bb.vc_custom_1589831481500{margin-top: 20px !important;margin-bottom: 20px !important;}\u00a0\u00bb][vc_row_inner][vc_column_inner width=\u00a0\u00bb1\/4&Prime;][\/vc_column_inner][vc_column_inner width=\u00a0\u00bb1\/2&Prime;][vc_custom_heading text=\u00a0\u00bb\u00ab\u00a0Ensemble, vers l&rsquo;avenir\u00ab\u00a0\u00a0\u00bb font_container=\u00a0\u00bbtag:h2|font_size:35|text_align:center|color:%23dd3333|line_height:1.7&Prime; google_fonts=\u00a0\u00bbfont_family:Titillium%20Web%3A200%2C200italic%2C300%2C300italic%2Cregular%2Citalic%2C600%2C600italic%2C700%2C700italic%2C900|font_style:600%20bold%20regular%3A600%3Anormal\u00a0\u00bb][\/vc_column_inner][vc_column_inner width=\u00a0\u00bb1\/4&Prime;][\/vc_column_inner][\/vc_row_inner][vc_separator el_width=\u00a0\u00bb50&Prime;][vc_row_inner css=\u00a0\u00bb.vc_custom_1589831522422{margin-right: 5% !important;margin-left: 5% !important;}\u00a0\u00bb][vc_column_inner][vc_column_text]<\/p>\n<p style=\"text-align: center; font-size: 14pt; line-height: 22pt;\">Depuis 1995 \u00e0 aujourd\u2019hui ; D\u00fcndarlar Makina selon sa gamme de production avec sa capacit\u00e9, sa perspective innovante et son approche ax\u00e9e sur la valeur ajout\u00e9e est positionn\u00e9e comme entreprise leader du secteur dans son pays.<\/p>\n<p style=\"text-align: center; font-size: 14pt; line-height: 22pt;\">L&rsquo;entreprise offre les solutions les plus efficaces pour sa propre marque et \u00e9galement pour les entreprises collaboratrices.<\/p>\n<p>[\/vc_column_text][\/vc_column_inner][\/vc_row_inner][\/vc_column][\/vc_row][vc_row full_width=\u00a0\u00bbstretch_row\u00a0\u00bb css=\u00a0\u00bb.vc_custom_1664963448579{margin-bottom: 10px !important;border-bottom-width: 1px !important;background-image: url(https:\/\/dundarlarmakina.com\/wp-content\/uploads\/2022\/10\/teknoloji-1-3.jpg?id=3503) !important;background-position: center !important;background-repeat: no-repeat !important;background-size: cover !important;border-bottom-color: #e0e0e0 !important;border-bottom-style: solid !important;}\u00a0\u00bb][vc_column css=\u00a0\u00bb.vc_custom_1589814724454{margin-top: 50px !important;margin-bottom: 50px !important;}\u00a0\u00bb][vc_row_inner][vc_column_inner width=\u00a0\u00bb1\/2&Prime; css=\u00a0\u00bb.vc_custom_1589814567713{background-position: center !important;background-repeat: no-repeat !important;background-size: cover !important;}\u00a0\u00bb][\/vc_column_inner][vc_column_inner width=\u00a0\u00bb1\/2&Prime; css=\u00a0\u00bb.vc_custom_1589814657011{background-color: #ffffff !important;}\u00a0\u00bb][vc_text_separator title=\u00a0\u00bbTechnologie\u00a0\u00bb i_icon_fontawesome=\u00a0\u00bbfas fa-microchip\u00a0\u00bb i_color=\u00a0\u00bbjuicy_pink\u00a0\u00bb i_background_style=\u00a0\u00bbrounded-outline\u00a0\u00bb i_size=\u00a0\u00bblg\u00a0\u00bb title_align=\u00a0\u00bbseparator_align_left\u00a0\u00bb color=\u00a0\u00bbjuicy_pink\u00a0\u00bb add_icon=\u00a0\u00bbtrue\u00a0\u00bb][vc_column_text]Perspective innovante et vision d\u00e9di\u00e9e \u00e0 l&rsquo;am\u00e9lioration\u00a0; a conduit Dundarlar Makina \u00e0 cro\u00eetre continuellement pendant plus d&rsquo;un quart de si\u00e8cle. Depuis sa cr\u00e9ation, l&rsquo;entreprise a apport\u00e9 de nombreuses innovations aux secteurs connexes. L\u2019entreprise sensibilise \u00e0 tous les domaines de fabrication gr\u00e2ce \u00e0 des syst\u00e8mes de m\u00e9canisation avanc\u00e9s et \u00e0 la vision innovante des \u00e9quipes R&amp;D.[\/vc_column_text][\/vc_column_inner][\/vc_row_inner][\/vc_column][\/vc_row][vc_row full_width=\u00a0\u00bbstretch_row\u00a0\u00bb css=\u00a0\u00bb.vc_custom_1664972208579{margin-bottom: 10px !important;border-bottom-width: 1px !important;background-image: url(https:\/\/dundarlarmakina.com\/wp-content\/uploads\/2022\/10\/cnc-resim-2.jpg?id=3510) !important;background-position: center !important;background-repeat: no-repeat !important;background-size: cover !important;border-bottom-color: #e0e0e0 !important;border-bottom-style: solid !important;}\u00a0\u00bb][vc_column css=\u00a0\u00bb.vc_custom_1589814724454{margin-top: 50px !important;margin-bottom: 50px !important;}\u00a0\u00bb][vc_row_inner][vc_column_inner width=\u00a0\u00bb1\/2&Prime; css=\u00a0\u00bb.vc_custom_1589815461240{background-color: #ffffff !important;background-position: center !important;background-repeat: no-repeat !important;background-size: cover !important;}\u00a0\u00bb][vc_text_separator title=\u00a0\u00bbProduction\u00a0\u00bb i_icon_fontawesome=\u00a0\u00bbfab fa-stack-overflow\u00a0\u00bb i_color=\u00a0\u00bbjuicy_pink\u00a0\u00bb i_background_style=\u00a0\u00bbboxed-outline\u00a0\u00bb i_size=\u00a0\u00bblg\u00a0\u00bb title_align=\u00a0\u00bbseparator_align_left\u00a0\u00bb color=\u00a0\u00bbjuicy_pink\u00a0\u00bb add_icon=\u00a0\u00bbtrue\u00a0\u00bb][vc_column_text]Tous les processus internes sont ex\u00e9cut\u00e9s en combinant des ressources de m\u00e9canisation avanc\u00e9es et une vision d&rsquo;entreprise innovante (selon les principes de production all\u00e9g\u00e9e). Ces approches garantissent d&rsquo;offrir les meilleures solutions sur mesure avec un minimum d&rsquo;erreurs et de la mani\u00e8re la plus efficace. Toutes les productions trait\u00e9es dans l&rsquo;installation refl\u00e8tent la r\u00e9putation de l&rsquo;entreprise.[\/vc_column_text][\/vc_column_inner][vc_column_inner width=\u00a0\u00bb1\/2&Prime;][\/vc_column_inner][\/vc_row_inner][\/vc_column][\/vc_row][vc_row full_width=\u00a0\u00bbstretch_row\u00a0\u00bb css=\u00a0\u00bb.vc_custom_1672046371115{margin-bottom: 30px !important;border-bottom-width: 1px !important;background-image: url(https:\/\/dundarlarmakina.com\/wp-content\/uploads\/2022\/12\/web.jpg?id=3533) !important;background-position: center !important;background-repeat: no-repeat !important;background-size: cover !important;border-bottom-color: #e0e0e0 !important;border-bottom-style: solid !important;}\u00a0\u00bb][vc_column css=\u00a0\u00bb.vc_custom_1589814724454{margin-top: 50px !important;margin-bottom: 50px !important;}\u00a0\u00bb][vc_row_inner][vc_column_inner width=\u00a0\u00bb1\/2&Prime; css=\u00a0\u00bb.vc_custom_1589814567713{background-position: center !important;background-repeat: no-repeat !important;background-size: cover !important;}\u00a0\u00bb][\/vc_column_inner][vc_column_inner width=\u00a0\u00bb1\/2&Prime; css=\u00a0\u00bb.vc_custom_1589814657011{background-color: #ffffff !important;}\u00a0\u00bb][vc_text_separator title=\u00a0\u00bbHumains\u00a0\u00bb i_icon_fontawesome=\u00a0\u00bbfas fa-user-shield\u00a0\u00bb i_color=\u00a0\u00bbjuicy_pink\u00a0\u00bb i_background_style=\u00a0\u00bbboxed-outline\u00a0\u00bb i_size=\u00a0\u00bblg\u00a0\u00bb title_align=\u00a0\u00bbseparator_align_left\u00a0\u00bb color=\u00a0\u00bbjuicy_pink\u00a0\u00bb add_icon=\u00a0\u00bbtrue\u00a0\u00bb][vc_column_text]La seule source qui fait de D\u00fcndarlar Makina une entreprise int\u00e9gr\u00e9e et \u00e9voluant ensemble dans une seule direction avec toutes ses diff\u00e9rences, ce sont les personnes. Au sein de l&rsquo;entreprise ; Les \u00e9volutions de carri\u00e8re et de performance, les am\u00e9liorations du lieu de travail et les analyses de cas strat\u00e9giques sont mises en \u0153uvre par le service des ressources humaines. De cette mani\u00e8re, des avantages plus efficaces sont offerts aux employ\u00e9s et aux parties prenantes.[\/vc_column_text][\/vc_column_inner][\/vc_row_inner][\/vc_column][\/vc_row][vc_row css=\u00a0\u00bb.vc_custom_1589771337215{padding-top: 15px !important;padding-bottom: 30px !important;background-position: center !important;background-repeat: no-repeat !important;background-size: cover !important;}\u00a0\u00bb][vc_column width=\u00a0\u00bb1\/3&Prime;][vc_row_inner css=\u00a0\u00bb.vc_custom_1589840007854{margin-top: 12px !important;margin-right: 12px !important;margin-bottom: 12px !important;margin-left: 12px !important;padding-top: 10px !important;padding-right: 10px !important;padding-bottom: 10px !important;padding-left: 10px !important;background-color: #ffffff !important;}\u00a0\u00bb][vc_column_inner css=\u00a0\u00bb.vc_custom_1580154645917{background-color: #ffffff !important;}\u00a0\u00bb][vc_icon type=\u00a0\u00bblinecons\u00a0\u00bb icon_linecons=\u00a0\u00bbvc_li vc_li-settings\u00a0\u00bb color=\u00a0\u00bbcustom\u00a0\u00bb background_style=\u00a0\u00bbrounded-less-outline\u00a0\u00bb background_color=\u00a0\u00bbcustom\u00a0\u00bb align=\u00a0\u00bbcenter\u00a0\u00bb css_animation=\u00a0\u00bbslideInUp\u00a0\u00bb custom_color=\u00a0\u00bb#cd0000&Prime; custom_background_color=\u00a0\u00bb#cd0000&Prime;][vc_separator el_width=\u00a0\u00bb50&Prime;][vc_custom_heading text=\u00a0\u00bbSTRUCTURE FORTE\u00a0\u00bb font_container=\u00a0\u00bbtag:h2|font_size:20|text_align:center|color:%23cd0000&Prime; google_fonts=\u00a0\u00bbfont_family:Roboto%3A100%2C100italic%2C300%2C300italic%2Cregular%2Citalic%2C500%2C500italic%2C700%2C700italic%2C900%2C900italic|font_style:500%20bold%20regular%3A500%3Anormal\u00a0\u00bb][vc_column_text]<\/p>\n<p style=\"text-align: center;\">Surface de production de 50 000 m\u00b2 sur 2 sites diff\u00e9rents<\/p>\n<p>[\/vc_column_text][\/vc_column_inner][\/vc_row_inner][\/vc_column][vc_column width=\u00a0\u00bb1\/3&Prime;][vc_row_inner css=\u00a0\u00bb.vc_custom_1580155415464{margin: 12px !important;padding: 10px !important;background-color: #ffffff !important;}\u00a0\u00bb][vc_column_inner css=\u00a0\u00bb.vc_custom_1580154645917{background-color: #ffffff !important;}\u00a0\u00bb][vc_icon type=\u00a0\u00bblinecons\u00a0\u00bb icon_linecons=\u00a0\u00bbvc_li vc_li-lab\u00a0\u00bb color=\u00a0\u00bbcustom\u00a0\u00bb background_style=\u00a0\u00bbrounded-less-outline\u00a0\u00bb background_color=\u00a0\u00bbcustom\u00a0\u00bb align=\u00a0\u00bbcenter\u00a0\u00bb css_animation=\u00a0\u00bbslideInUp\u00a0\u00bb custom_color=\u00a0\u00bb#cd0000&Prime; custom_background_color=\u00a0\u00bb#cd0000&Prime;][vc_separator el_width=\u00a0\u00bb50&Prime;][vc_custom_heading text=\u00a0\u00bbGRANDE CAPACIT\u00c9 DE PRODUCTION\u00a0\u00bb font_container=\u00a0\u00bbtag:h2|font_size:20|text_align:center|color:%23cd0000&Prime; google_fonts=\u00a0\u00bbfont_family:Roboto%3A100%2C100italic%2C300%2C300italic%2Cregular%2Citalic%2C500%2C500italic%2C700%2C700italic%2C900%2C900italic|font_style:500%20bold%20regular%3A500%3Anormal\u00a0\u00bb][vc_column_text]<\/p>\n<p style=\"text-align: center;\">Fort inventaire de machines et r\u00e9seau de production \u00e0 haute capacit\u00e9.<\/p>\n<p>[\/vc_column_text][\/vc_column_inner][\/vc_row_inner][\/vc_column][vc_column width=\u00a0\u00bb1\/3&Prime;][vc_row_inner css=\u00a0\u00bb.vc_custom_1589840015117{margin-top: 12px !important;margin-right: 12px !important;margin-bottom: 12px !important;margin-left: 12px !important;padding-top: 10px !important;padding-right: 10px !important;padding-bottom: 10px !important;padding-left: 10px !important;background-color: #ffffff !important;}\u00a0\u00bb][vc_column_inner css=\u00a0\u00bb.vc_custom_1580154645917{background-color: #ffffff !important;}\u00a0\u00bb][vc_icon type=\u00a0\u00bblinecons\u00a0\u00bb icon_linecons=\u00a0\u00bbvc_li vc_li-news\u00a0\u00bb color=\u00a0\u00bbcustom\u00a0\u00bb background_style=\u00a0\u00bbrounded-less-outline\u00a0\u00bb background_color=\u00a0\u00bbcustom\u00a0\u00bb align=\u00a0\u00bbcenter\u00a0\u00bb css_animation=\u00a0\u00bbslideInUp\u00a0\u00bb custom_color=\u00a0\u00bb#cd0000&Prime; custom_background_color=\u00a0\u00bb#cd0000&Prime;][vc_separator el_width=\u00a0\u00bb50&Prime;][vc_custom_heading text=\u00a0\u00bbQUALIT\u00c9\u00a0\u00bb font_container=\u00a0\u00bbtag:h2|font_size:20|text_align:center|color:%23cd0000&Prime; google_fonts=\u00a0\u00bbfont_family:Roboto%3A100%2C100italic%2C300%2C300italic%2Cregular%2Citalic%2C500%2C500italic%2C700%2C700italic%2C900%2C900italic|font_style:500%20bold%20regular%3A500%3Anormal\u00a0\u00bb][vc_column_text]<\/p>\n<p style=\"text-align: center;\">Approche de production certifi\u00e9e selon les normes nationales et internationales<\/p>\n<p>[\/vc_column_text][\/vc_column_inner][\/vc_row_inner][\/vc_column][\/vc_row]<\/p>\n<\/section>","protected":false},"excerpt":{"rendered":"<p>[vc_row parallax=\u00a0\u00bbcontent-moving\u00a0\u00bb parallax_image=\u00a0\u00bb2328&Prime; css=\u00a0\u00bb.vc_custom_1589474946843{margin-top: 15px !important;margin-bottom: 10px !important;background-position: center;background-repeat: no-repeat;background-size:contain !important;}\u00a0\u00bb][vc_column css=\u00a0\u00bb.vc_custom_1589831481500{margin-top: 20px !important;margin-bottom: 20px !important;}\u00a0\u00bb][vc_row_inner][vc_column_inner width=\u00a0\u00bb1\/4&Prime;][\/vc_column_inner][vc_column_inner width=\u00a0\u00bb1\/2&Prime;][vc_custom_heading text=\u00a0\u00bb\u00ab\u00a0Ensemble, vers l&rsquo;avenir\u00ab\u00a0\u00a0\u00bb font_container=\u00a0\u00bbtag:h2|font_size:35|text_align:center|color:%23dd3333|line_height:1.7&Prime; google_fonts=\u00a0\u00bbfont_family:Titillium%20Web%3A200%2C200italic%2C300%2C300italic%2Cregular%2Citalic%2C600%2C600italic%2C700%2C700italic%2C900|font_style:600%20bold%20regular%3A600%3Anormal\u00a0\u00bb][\/vc_column_inner][vc_column_inner width=\u00a0\u00bb1\/4&Prime;][\/vc_column_inner][\/vc_row_inner][vc_separator el_width=\u00a0\u00bb50&Prime;][vc_row_inner css=\u00a0\u00bb.vc_custom_1589831522422{margin-right:<span class=\"excerpt-hellip\"> [\u2026]<\/span><\/p>\n","protected":false},"author":6,"featured_media":0,"parent":0,"menu_order":0,"comment_status":"closed","ping_status":"closed","template":"","meta":{"footnotes":""},"class_list":["post-3872","page","type-page","status-publish","hentry"],"_links":{"self":[{"href":"https:\/\/dundarlarmakina.com\/fr\/wp-json\/wp\/v2\/pages\/3872"}],"collection":[{"href":"https:\/\/dundarlarmakina.com\/fr\/wp-json\/wp\/v2\/pages"}],"about":[{"href":"https:\/\/dundarlarmakina.com\/fr\/wp-json\/wp\/v2\/types\/page"}],"author":[{"embeddable":true,"href":"https:\/\/dundarlarmakina.com\/fr\/wp-json\/wp\/v2\/users\/6"}],"replies":[{"embeddable":true,"href":"https:\/\/dundarlarmakina.com\/fr\/wp-json\/wp\/v2\/comments?post=3872"}],"version-history":[{"count":4,"href":"https:\/\/dundarlarmakina.com\/fr\/wp-json\/wp\/v2\/pages\/3872\/revisions"}],"predecessor-version":[{"id":3893,"href":"https:\/\/dundarlarmakina.com\/fr\/wp-json\/wp\/v2\/pages\/3872\/revisions\/3893"}],"wp:attachment":[{"href":"https:\/\/dundarlarmakina.com\/fr\/wp-json\/wp\/v2\/media?parent=3872"}],"curies":[{"name":"wp","href":"https:\/\/api.w.org\/{rel}","templated":true}]}}