{"id":3894,"date":"2023-11-19T13:27:30","date_gmt":"2023-11-19T13:27:30","guid":{"rendered":"https:\/\/dundarlarmakina.com\/?page_id=3894"},"modified":"2026-02-07T07:09:50","modified_gmt":"2026-02-07T07:09:50","slug":"capacites","status":"publish","type":"page","link":"https:\/\/dundarlarmakina.com\/fr\/capacites\/","title":{"rendered":"Capacit\u00e9s"},"content":{"rendered":"<section class=\"wpb-content-wrapper\"><p>[vc_row][vc_column][vc_row_inner][vc_column_inner][vc_text_separator title=\u00a0\u00bbCapacit\u00e9s\u00a0\u00bb i_icon_fontawesome=\u00a0\u00bbfab fa-stack-overflow\u00a0\u00bb i_color=\u00a0\u00bbjuicy_pink\u00a0\u00bb i_size=\u00a0\u00bbsm\u00a0\u00bb title_align=\u00a0\u00bbseparator_align_left\u00a0\u00bb add_icon=\u00a0\u00bbtrue\u00a0\u00bb][vc_column_text]Les capacit\u00e9s de production et les capacit\u00e9s de notre entreprise nous ont permis de cro\u00eetre fortement avec nos parties prenantes depuis plus d&rsquo;un quart de si\u00e8cle. Depuis notre cr\u00e9ation, nous, en tant qu&rsquo;\u00e9quipe de production et \u00e9quipes de R&amp;D, nous nous sommes consacr\u00e9s \u00e0 adopter les derni\u00e8res techniques de m\u00e9canisation technologique et \u00e0 fournir les services et produits les plus parfaits.<\/p>\n<p>Dans ce contexte, notre soci\u00e9t\u00e9 travaille depuis des d\u00e9cennies avec des entreprises leaders dans leur secteur sp\u00e9cifique. Tout en recherchant des avantages mutuels \u00e0 long terme, nos collaborateurs et notre entreprise sont fermement attach\u00e9s les uns aux autres.<\/p>\n<p>L\u2019approche d\u2019attachement et de confiance mutuelle a permis aux deux parties de comprendre clairement les priorit\u00e9s de chacun et de soutenir la recherche de la meilleure solution sur mesure. Par cons\u00e9quent, ces approches garantissent\u00a0: obtenir des r\u00e9sultats tout \u00e0 fait satisfaisants \u00e0 long terme et \u00e9tablir des relations d&rsquo;entreprise.<\/p>\n<p>Notre usine de production de D\u00fcndarlar a la capacit\u00e9 de pr\u00e9senter la mati\u00e8re premi\u00e8re comme un produit fini apr\u00e8s l&rsquo;avoir pass\u00e9e \u00e0 travers diff\u00e9rents processus au sein de sa propre structure. Tous les processus sont effectu\u00e9s sous notre propre toit.<\/p>\n<ul>\n<li>Notre capacit\u00e9 de production annuelle est de 6 000 tonnes de t\u00f4le et de 2 200 tonnes d&rsquo;arbres\/profil\u00e9s m\u00e9talliques.<\/li>\n<li>Notre entreprise a une superficie totale de 50 000 m\u00b2 r\u00e9partis sur 2 sites diff\u00e9rents.<\/li>\n<\/ul>\n<p>[\/vc_column_text][\/vc_column_inner][\/vc_row_inner][\/vc_column][\/vc_row][vc_row full_width=\u00a0\u00bbstretch_row\u00a0\u00bb css=\u00a0\u00bb.vc_custom_1589475273835{padding-top: 15px !important;padding-bottom: 15px !important;background-image: url(https:\/\/dundarlarmakina.com\/wp-content\/uploads\/2020\/05\/machine-bg-1.jpg?id=2772) !important;background-position: center !important;background-repeat: no-repeat !important;background-size: cover !important;}\u00a0\u00bb][vc_column][vc_text_separator title=\u00a0\u00bbNos machines avec lesquelles nous effectuons nos processus\u00a0\u00bb i_icon_fontawesome=\u00a0\u00bbfas fa-cogs\u00a0\u00bb i_color=\u00a0\u00bbjuicy_pink\u00a0\u00bb i_size=\u00a0\u00bbsm\u00a0\u00bb title_align=\u00a0\u00bbseparator_align_left\u00a0\u00bb add_icon=\u00a0\u00bbtrue\u00a0\u00bb css=\u00a0\u00bb.vc_custom_1700400496463{padding-top: 5px !important;padding-bottom: 5px !important;background-color: #ffffff !important;}\u00a0\u00bb][vc_row_inner][vc_column_inner width=\u00a0\u00bb1\/5&Prime;][vc_column_text css=\u00a0\u00bb.vc_custom_1770448095112{margin-top: 1px !important;margin-right: 1px !important;margin-bottom: 1px !important;margin-left: 1px !important;padding-top: 10px !important;padding-right: 10px !important;padding-bottom: 10px !important;padding-left: 10px !important;background-color: #ffffff !important;border-radius: 5px !important;}\u00a0\u00bb]<strong style=\"display: block; text-align: center;\">MACHINES DE D\u00c9COUPE<\/strong><\/p>\n<table width=\"100%\">\n<thead>\n<tr>\n<th>Machine<\/th>\n<\/tr>\n<\/thead>\n<tbody>\n<tr>\n<td>20 kW (Mixgas) D\u00e9coupe Laser CNC Fibre (2 m x 4 m)<\/td>\n<\/tr>\n<tr>\n<td>6 kW D\u00e9coupe Laser CNC (2 m x 4 m)<\/td>\n<\/tr>\n<tr>\n<td>4,4 kW D\u00e9coupe Laser CNC (2 m x 4 m)<\/td>\n<\/tr>\n<tr>\n<td>260A CNC Plasma \u2013 D\u00e9coupe OXY (3 m x 12 m)<\/td>\n<\/tr>\n<tr>\n<td>4 kW D\u00e9coupe Laser CNC Fibre de profil<br \/>\n(12 mm \u2013 240 mm)<br \/>\nT\u00eate inclin\u00e9e et magasin | Guidage<\/td>\n<\/tr>\n<\/tbody>\n<\/table>\n<p>[\/vc_column_text][\/vc_column_inner][vc_column_inner width=\u00a0\u00bb1\/5&Prime;][vc_column_text css=\u00a0\u00bb.vc_custom_1770448118096{margin-top: 1px !important;margin-right: 1px !important;margin-bottom: 1px !important;margin-left: 1px !important;padding-top: 10px !important;padding-right: 10px !important;padding-bottom: 10px !important;padding-left: 10px !important;background-color: #ffffff !important;border-radius: 5px !important;}\u00a0\u00bb]<strong style=\"display: block; text-align: center;\">USINAGE<\/strong><\/p>\n<table width=\"100%\">\n<thead>\n<tr>\n<th>Machine<\/th>\n<\/tr>\n<\/thead>\n<tbody>\n<tr>\n<td><span style=\"color: red;\">4 unit\u00e9s<\/span><br \/>\nTour CNC 10&Prime;<\/td>\n<\/tr>\n<tr>\n<td>Tour CNC 12&Prime; (Axe C) avec banc<\/td>\n<\/tr>\n<tr>\n<td><span style=\"color: red;\">4 unit\u00e9s<\/span><br \/>\nTour CNC 12&Prime; (Axe C)<\/td>\n<\/tr>\n<tr>\n<td>Machine CNC Boring<br \/>\nX: 3000 mm Y: 1800 mm Z: 1700 mm W: 500 mm<br \/>\nLargeur de table : 1600 x 1440 mm<\/td>\n<\/tr>\n<tr>\n<td>Machine CNC Boring<br \/>\nX: 3000 mm Y: 1800 mm Z: 1700 mm W: 500 mm<br \/>\nLargeur de table : 1600 x 1440 mm<\/td>\n<\/tr>\n<tr>\n<td><span style=\"color: red;\">2 unit\u00e9s<\/span><br \/>\nCentre d\u2019usinage CNC horizontal<br \/>\nX: 1050 mm Y: 900 mm<\/td>\n<\/tr>\n<tr>\n<td><span style=\"color: red;\">2 unit\u00e9s<\/span><br \/>\nCentre d\u2019usinage CNC vertical avec diviseur<br \/>\nX: 2160 mm Y: 762 mm Z: 650 mm<\/td>\n<\/tr>\n<tr>\n<td><span style=\"color: red;\">3 unit\u00e9s<\/span><br \/>\nTour universel<br \/>\n4 m \u2013 3 m \u2013 1,5 m<\/td>\n<\/tr>\n<tr>\n<td><span style=\"color: red;\">2 unit\u00e9s<\/span><br \/>\nFraiseuse universelle<\/td>\n<\/tr>\n<tr>\n<td>Machine CNC \u00e0 tailler les engrenages<br \/>\navec chargement \/ d\u00e9chargement et magasin<\/td>\n<\/tr>\n<tr>\n<td>Machine de brochage<\/td>\n<\/tr>\n<\/tbody>\n<\/table>\n<p>[\/vc_column_text][\/vc_column_inner][vc_column_inner width=\u00a0\u00bb1\/5&Prime;][vc_column_text css=\u00a0\u00bb.vc_custom_1770448140916{margin-top: 1px !important;margin-right: 1px !important;margin-bottom: 1px !important;margin-left: 1px !important;padding-top: 10px !important;padding-right: 10px !important;padding-bottom: 10px !important;padding-left: 10px !important;background-color: #ffffff !important;border-radius: 5px !important;}\u00a0\u00bb]<strong style=\"display: block; text-align: center;\">PRESSES<\/strong><\/p>\n<table width=\"100%\">\n<thead>\n<tr>\n<th>Machine<\/th>\n<\/tr>\n<\/thead>\n<tbody>\n<tr>\n<td>Presse plieuse CNC<br \/>\n6 m, 440 ton<\/td>\n<\/tr>\n<tr>\n<td>Presse plieuse CNC<br \/>\n4 m, 300 ton<\/td>\n<\/tr>\n<tr>\n<td><span style=\"color: red;\">2 unit\u00e9s<\/span><br \/>\nPresse plieuse CNC<br \/>\n3 m, 120 ton<\/td>\n<\/tr>\n<tr>\n<td>Presse plieuse CNC<br \/>\n2 m, 60 ton<\/td>\n<\/tr>\n<tr>\n<td>Presse hydraulique<br \/>\n400 ton<\/td>\n<\/tr>\n<tr>\n<td>Presse excentrique<br \/>\n250 ton<\/td>\n<\/tr>\n<tr>\n<td>Presse excentrique<br \/>\n110 ton<\/td>\n<\/tr>\n<tr>\n<td>Pliage de tube<br \/>\n\u00d8 120 x 5<\/td>\n<\/tr>\n<tr>\n<td>Pliage de tube<br \/>\n\u00d8 40 x 3<\/td>\n<\/tr>\n<tr>\n<td>Robot de chargement CNC<br \/>\nRayon 2700 mm, capacit\u00e9 de mouvement sur l\u2019axe<br \/>\nCapacit\u00e9 de charge 150 kg<\/td>\n<\/tr>\n<\/tbody>\n<\/table>\n<p>[\/vc_column_text][\/vc_column_inner][vc_column_inner width=\u00a0\u00bb1\/5&Prime;][vc_column_text css=\u00a0\u00bb.vc_custom_1770448164755{margin-top: 1px !important;margin-right: 1px !important;margin-bottom: 1px !important;margin-left: 1px !important;padding-top: 10px !important;padding-right: 10px !important;padding-bottom: 10px !important;padding-left: 10px !important;background-color: #ffffff !important;border-radius: 5px !important;}\u00a0\u00bb]<strong style=\"display: block; text-align: center;\">SOUDAGE<\/strong><\/p>\n<table width=\"100%\">\n<thead>\n<tr>\n<th>Machine<\/th>\n<\/tr>\n<\/thead>\n<tbody>\n<tr>\n<td><span style=\"color: red;\">9 unit\u00e9s<\/span><br \/>\nRobot de soudage KUKA<br \/>\nRayon de 3100 mm et mobilit\u00e9 multi-axes<\/td>\n<\/tr>\n<tr>\n<td><span style=\"color: red;\">2 unit\u00e9s<\/span><br \/>\nRobot de soudage KUKA<br \/>\nRayon de 2500 mm et mobilit\u00e9 multi-axes<\/td>\n<\/tr>\n<tr>\n<td><span style=\"color: red;\">4 unit\u00e9s<\/span><br \/>\nRobot de soudage KUKA<br \/>\nRayon de 2100 mm et mobilit\u00e9 multi-axes<\/td>\n<\/tr>\n<tr>\n<td><span style=\"color: red;\">4 unit\u00e9s<\/span><br \/>\nRobot de soudage KUKA<br \/>\nRayon de 1900 mm et mobilit\u00e9 multi-axes<\/td>\n<\/tr>\n<tr>\n<td><span style=\"color: red;\">+55<\/span><br \/>\nMachines de soudage synergique<\/td>\n<\/tr>\n<tr>\n<td><span style=\"color: red;\">+80<\/span><br \/>\nMachines de soudage normales<\/td>\n<\/tr>\n<\/tbody>\n<\/table>\n<p>[\/vc_column_text][\/vc_column_inner][vc_column_inner width=\u00a0\u00bb1\/5&Prime;][vc_column_text css=\u00a0\u00bb.vc_custom_1770448187740{margin-top: 1px !important;margin-right: 1px !important;margin-bottom: 1px !important;margin-left: 1px !important;padding-top: 10px !important;padding-right: 10px !important;padding-bottom: 10px !important;padding-left: 10px !important;background-color: #ffffff !important;border-radius: 5px !important;}\u00a0\u00bb]<strong style=\"display: block; text-align: center;\">AUTRES<\/strong><\/p>\n<table width=\"100%\">\n<thead>\n<tr>\n<th>Machine<\/th>\n<\/tr>\n<\/thead>\n<tbody>\n<tr>\n<td><span style=\"color: red;\">2 unit\u00e9s<\/span><br \/>\nCabine de sablage<\/td>\n<\/tr>\n<tr>\n<td>Ligne de peinture en poudre \u00e9lectrostatique<\/td>\n<\/tr>\n<tr>\n<td><span style=\"color: red;\">2 unit\u00e9s<\/span><br \/>\nLigne de peinture liquide<\/td>\n<\/tr>\n<tr>\n<td>Machine d\u2019\u00e9quilibrage horizontale<\/td>\n<\/tr>\n<tr>\n<td><span style=\"color: red;\">2 unit\u00e9s<\/span><br \/>\nMachines de per\u00e7age et de taraudage<\/td>\n<\/tr>\n<tr>\n<td><span style=\"color: red;\">5 unit\u00e9s<\/span><br \/>\nMachines \u00e0 scier<\/td>\n<\/tr>\n<tr>\n<td>Machines de d\u00e9tourage<\/td>\n<\/tr>\n<tr>\n<td><span style=\"color: red;\">2 unit\u00e9s<\/span><br \/>\nAppareil de mesure 3D portable<\/td>\n<\/tr>\n<tr>\n<td>Appareil de mesure 3D (MMT)<\/td>\n<\/tr>\n<tr>\n<td>MMT hybride (mesure d\u2019engrenages)<\/td>\n<\/tr>\n<tr>\n<td>Laboratoire des mat\u00e9riaux<\/td>\n<\/tr>\n<\/tbody>\n<\/table>\n<p>[\/vc_column_text][\/vc_column_inner][\/vc_row_inner][\/vc_column][\/vc_row][vc_row full_width=\u00a0\u00bbstretch_row\u00a0\u00bb css=\u00a0\u00bb.vc_custom_1589475906849{margin-bottom: 30px !important;background: #ffffff url(https:\/\/dundarlarmakina.com\/wp-content\/uploads\/2020\/05\/urun-sag-1.jpg?id=2722) !important;background-position: center !important;background-repeat: no-repeat !important;background-size: cover !important;}\u00a0\u00bb][vc_column][vc_row_inner][vc_column_inner width=\u00a0\u00bb2\/5&Prime;][vc_gallery interval=\u00a0\u00bb5&Prime; images=\u00a0\u00bb3169,2628,2629,2630&Prime; img_size=\u00a0\u00bblarge\u00a0\u00bb css=\u00a0\u00bb.vc_custom_1597395891169{border-radius: 20px !important;}\u00a0\u00bb][\/vc_column_inner][vc_column_inner width=\u00a0\u00bb2\/5&Prime;][vc_icon type=\u00a0\u00bbmaterial\u00a0\u00bb icon_material=\u00a0\u00bbvc-material vc-material-build\u00a0\u00bb color=\u00a0\u00bbjuicy_pink\u00a0\u00bb background_style=\u00a0\u00bbboxed-outline\u00a0\u00bb background_color=\u00a0\u00bbjuicy_pink\u00a0\u00bb size=\u00a0\u00bblg\u00a0\u00bb][vc_column_text]Certains des processus effectu\u00e9s dans notre propre usine de production comprennent : la d\u00e9coupe laser et plasma CNC, l&rsquo;usinage CNC, le cintrage de t\u00f4les et de tuyaux CNC, le soudage CNC, la presse CNC, le rev\u00eatement en poudre \u00e9lectrostatique et l&rsquo;assemblage.[\/vc_column_text][vc_zigzag color=\u00a0\u00bbjuicy_pink\u00a0\u00bb el_border_width=\u00a0\u00bb8&Prime;][\/vc_column_inner][vc_column_inner width=\u00a0\u00bb1\/5&Prime;][vc_empty_space][\/vc_column_inner][\/vc_row_inner][\/vc_column][\/vc_row][vc_row full_width=\u00a0\u00bbstretch_row\u00a0\u00bb css=\u00a0\u00bb.vc_custom_1589475921232{margin-bottom: 30px !important;background: #ffffff url(https:\/\/dundarlarmakina.com\/wp-content\/uploads\/2020\/05\/urun-sol.jpg?id=2725) !important;background-position: center !important;background-repeat: no-repeat !important;background-size: cover !important;}\u00a0\u00bb][vc_column][vc_row_inner][vc_column_inner width=\u00a0\u00bb1\/5&Prime;][vc_empty_space][\/vc_column_inner][vc_column_inner width=\u00a0\u00bb2\/5&Prime;][vc_icon icon_fontawesome=\u00a0\u00bbfas fa-tractor\u00a0\u00bb color=\u00a0\u00bbjuicy_pink\u00a0\u00bb background_style=\u00a0\u00bbboxed-outline\u00a0\u00bb background_color=\u00a0\u00bbjuicy_pink\u00a0\u00bb size=\u00a0\u00bblg\u00a0\u00bb][vc_column_text]Nous avons des entreprises collaboratives de diff\u00e9rents secteurs d&rsquo;activit\u00e9 de l&rsquo;industrie de transformation des m\u00e9taux. Certaines d\u2019entre elles : marques de machines agricoles, marques d\u2019engins de b\u00e2timent et de construction, marques de v\u00e9hicules \u00e9lectriques[\/vc_column_text][vc_zigzag color=\u00a0\u00bbjuicy_pink\u00a0\u00bb el_border_width=\u00a0\u00bb8&Prime;][\/vc_column_inner][vc_column_inner width=\u00a0\u00bb2\/5&Prime;][vc_gallery interval=\u00a0\u00bb3&Prime; images=\u00a0\u00bb2639,2640,2641,2642&Prime; img_size=\u00a0\u00bblarge\u00a0\u00bb][\/vc_column_inner][\/vc_row_inner][\/vc_column][\/vc_row][vc_row full_width=\u00a0\u00bbstretch_row\u00a0\u00bb css=\u00a0\u00bb.vc_custom_1589475930152{margin-bottom: 30px !important;background: #ffffff url(https:\/\/dundarlarmakina.com\/wp-content\/uploads\/2020\/05\/urun-sag-1.jpg?id=2722) !important;background-position: center !important;background-repeat: no-repeat !important;background-size: cover !important;}\u00a0\u00bb][vc_column][vc_row_inner][vc_column_inner width=\u00a0\u00bb2\/5&Prime;][vc_gallery interval=\u00a0\u00bb3&Prime; images=\u00a0\u00bb2643,2644,2645,2646&Prime; img_size=\u00a0\u00bbfull\u00a0\u00bb][\/vc_column_inner][vc_column_inner width=\u00a0\u00bb2\/5&Prime;][vc_icon icon_fontawesome=\u00a0\u00bbfar fa-file-alt\u00a0\u00bb color=\u00a0\u00bbjuicy_pink\u00a0\u00bb background_style=\u00a0\u00bbboxed-outline\u00a0\u00bb background_color=\u00a0\u00bbjuicy_pink\u00a0\u00bb size=\u00a0\u00bblg\u00a0\u00bb][vc_column_text]Nos normes de qualit\u00e9 sont mesur\u00e9es et class\u00e9es par des organisations officielles internationales, notre propre service de contr\u00f4le qualit\u00e9 et les commentaires de l&rsquo;entreprise collaboratrice.[\/vc_column_text][vc_zigzag color=\u00a0\u00bbjuicy_pink\u00a0\u00bb el_border_width=\u00a0\u00bb8&Prime;][\/vc_column_inner][vc_column_inner width=\u00a0\u00bb1\/5&Prime;][vc_empty_space][\/vc_column_inner][\/vc_row_inner][\/vc_column][\/vc_row][vc_row full_width=\u00a0\u00bbstretch_row\u00a0\u00bb css=\u00a0\u00bb.vc_custom_1589832450698{margin-bottom: 30px !important;background: #ffffff url(https:\/\/dundarlarmakina.com\/wp-content\/uploads\/2020\/05\/urun-sol.jpg?id=2725) !important;background-position: center !important;background-repeat: no-repeat !important;background-size: cover !important;}\u00a0\u00bb][vc_column][vc_row_inner][vc_column_inner width=\u00a0\u00bb1\/5&Prime;][vc_empty_space][\/vc_column_inner][vc_column_inner width=\u00a0\u00bb2\/5&Prime;][vc_icon type=\u00a0\u00bbmaterial\u00a0\u00bb icon_material=\u00a0\u00bbvc-material vc-material-bubble_chart\u00a0\u00bb color=\u00a0\u00bbjuicy_pink\u00a0\u00bb background_style=\u00a0\u00bbboxed-outline\u00a0\u00bb background_color=\u00a0\u00bbjuicy_pink\u00a0\u00bb size=\u00a0\u00bblg\u00a0\u00bb][vc_column_text]Notre usine applique des techniques de production all\u00e9g\u00e9e dans tous les processus. Toutes les \u00e9quipes, quel que soit le d\u00e9partement, s&rsquo;engagent \u00e0 fournir les r\u00e9sultats les plus efficaces.[\/vc_column_text][vc_zigzag color=\u00a0\u00bbjuicy_pink\u00a0\u00bb el_border_width=\u00a0\u00bb8&Prime;][\/vc_column_inner][vc_column_inner width=\u00a0\u00bb2\/5&Prime;][vc_gallery interval=\u00a0\u00bb5&Prime; images=\u00a0\u00bb2878,2880,2882,2884&Prime; img_size=\u00a0\u00bbfull\u00a0\u00bb css=\u00a0\u00bb.vc_custom_1589832399127{border-radius: 20px !important;}\u00a0\u00bb][\/vc_column_inner][\/vc_row_inner][vc_separator][\/vc_column][\/vc_row]<\/p>\n<\/section>","protected":false},"excerpt":{"rendered":"<p>[vc_row][vc_column][vc_row_inner][vc_column_inner][vc_text_separator title=\u00a0\u00bbCapacit\u00e9s\u00a0\u00bb i_icon_fontawesome=\u00a0\u00bbfab fa-stack-overflow\u00a0\u00bb i_color=\u00a0\u00bbjuicy_pink\u00a0\u00bb i_size=\u00a0\u00bbsm\u00a0\u00bb title_align=\u00a0\u00bbseparator_align_left\u00a0\u00bb add_icon=\u00a0\u00bbtrue\u00a0\u00bb][vc_column_text]Les capacit\u00e9s de production et les capacit\u00e9s de notre entreprise nous ont permis de cro\u00eetre fortement avec nos parties<span class=\"excerpt-hellip\"> [\u2026]<\/span><\/p>\n","protected":false},"author":6,"featured_media":0,"parent":0,"menu_order":0,"comment_status":"closed","ping_status":"closed","template":"","meta":{"footnotes":""},"class_list":["post-3894","page","type-page","status-publish","hentry"],"_links":{"self":[{"href":"https:\/\/dundarlarmakina.com\/fr\/wp-json\/wp\/v2\/pages\/3894"}],"collection":[{"href":"https:\/\/dundarlarmakina.com\/fr\/wp-json\/wp\/v2\/pages"}],"about":[{"href":"https:\/\/dundarlarmakina.com\/fr\/wp-json\/wp\/v2\/types\/page"}],"author":[{"embeddable":true,"href":"https:\/\/dundarlarmakina.com\/fr\/wp-json\/wp\/v2\/users\/6"}],"replies":[{"embeddable":true,"href":"https:\/\/dundarlarmakina.com\/fr\/wp-json\/wp\/v2\/comments?post=3894"}],"version-history":[{"count":10,"href":"https:\/\/dundarlarmakina.com\/fr\/wp-json\/wp\/v2\/pages\/3894\/revisions"}],"predecessor-version":[{"id":4127,"href":"https:\/\/dundarlarmakina.com\/fr\/wp-json\/wp\/v2\/pages\/3894\/revisions\/4127"}],"wp:attachment":[{"href":"https:\/\/dundarlarmakina.com\/fr\/wp-json\/wp\/v2\/media?parent=3894"}],"curies":[{"name":"wp","href":"https:\/\/api.w.org\/{rel}","templated":true}]}}