{"id":3945,"date":"2023-11-19T14:12:14","date_gmt":"2023-11-19T14:12:14","guid":{"rendered":"https:\/\/dundarlarmakina.com\/?page_id=3945"},"modified":"2023-11-19T14:23:15","modified_gmt":"2023-11-19T14:23:15","slug":"a-propos-de-nous","status":"publish","type":"page","link":"https:\/\/dundarlarmakina.com\/fr\/a-propos-de-nous\/","title":{"rendered":"\u00c0 propos de nous"},"content":{"rendered":"<section class=\"wpb-content-wrapper\"><p>[vc_row][vc_column][vc_text_separator title=\u00a0\u00bb<b>\u00c0 propos de nous<\/b>\u00a0\u00bb i_icon_fontawesome=\u00a0\u00bbfar fa-edit\u00a0\u00bb i_color=\u00a0\u00bbjuicy_pink\u00a0\u00bb i_size=\u00a0\u00bbsm\u00a0\u00bb title_align=\u00a0\u00bbseparator_align_left\u00a0\u00bb add_icon=\u00a0\u00bbtrue\u00a0\u00bb][vc_column_text]2 sites diff\u00e9rents, sur une surface totale de production de 50 000 m\u00b2, avec environ 500 salari\u00e9s.<\/p>\n<p>C&rsquo;est une entreprise leader dans son pays par son exp\u00e9rience et sa faisabilit\u00e9. Il a la capacit\u00e9 de pr\u00e9senter la mati\u00e8re premi\u00e8re m\u00e9tallique comme un produit fini\/peint \u00e0 la machine en interne.<\/p>\n<p>Avec ses capacit\u00e9s de production actuelles, elle produit des solutions sp\u00e9ciales pour les demandes des plus grandes marques de son secteur. Parall\u00e8lement, elle exp\u00e9die ses produits sur 6 continents diff\u00e9rents et propose un r\u00e9seau de services avec sa propre marque de machines agricoles, Toscano.<\/p>\n<p>Depuis sa cr\u00e9ation, notre soci\u00e9t\u00e9 s&rsquo;engage \u00e0 respecter ces principes :<\/p>\n<ul>\n<li>\u00catre la premi\u00e8re entreprise en mati\u00e8re de R&amp;D et d&rsquo;innovation,<\/li>\n<li>Fournir les solutions sur mesure les plus efficaces et durables avec une approche centr\u00e9e sur le client,<\/li>\n<li>Augmenter continuellement la valeur ajout\u00e9e, devenant ainsi l&rsquo;entreprise leader dans son secteur dans le pays.<\/li>\n<\/ul>\n<p>L&rsquo;entreprise utilise des syst\u00e8mes de m\u00e9canisation et de robotique technologiques avanc\u00e9s. Elle adopte les principes de production du Lean Six Sigma et sensibilise ses actionnaires dans les secteurs connexes.<\/p>\n<p>Les \u00e9quipes de D\u00fcndarlar Makina maintiennent toujours un niveau de qualit\u00e9 sup\u00e9rieur aux normes de qualit\u00e9 internationales gr\u00e2ce \u00e0 des approches ax\u00e9es sur le client et \u00e0 valeur ajout\u00e9e. Elle augmente ainsi sa capacit\u00e9 de production en collaborant avec des marques leaders dans leur secteur.<\/p>\n<p>En adoptant le slogan \u00ab Ensemble, vers l&rsquo;avenir \u00bb, l&rsquo;entreprise vise \u00e0 cr\u00e9er un avenir plus durable et plus efficace avec ses propres marques et ses propres collaborateurs.[\/vc_column_text][\/vc_column][\/vc_row][vc_row][vc_column][vc_row_inner][vc_column_inner width=\u00a0\u00bb3\/5&Prime;][vc_text_separator title=\u00a0\u00bb<b>Nos certificats<\/b>\u00a0\u00bb i_icon_fontawesome=\u00a0\u00bbfar fa-edit\u00a0\u00bb i_color=\u00a0\u00bbjuicy_pink\u00a0\u00bb i_size=\u00a0\u00bbsm\u00a0\u00bb title_align=\u00a0\u00bbseparator_align_left\u00a0\u00bb add_icon=\u00a0\u00bbtrue\u00a0\u00bb][vc_column_text]Poursuivant son travail dans le but de devenir une marque leader dans son domaine et sans faire de compromis sur le principe de qualit\u00e9, D\u00fcndarlar Makina a certifi\u00e9 son travail et sa production au niveau international.[\/vc_column_text][\/vc_column_inner][vc_column_inner width=\u00a0\u00bb1\/5&Prime;][vc_single_image image=\u00a0\u00bb3593&Prime; img_size=\u00a0\u00bbfull\u00a0\u00bb alignment=\u00a0\u00bbcenter\u00a0\u00bb onclick=\u00a0\u00bblink_image\u00a0\u00bb][\/vc_column_inner][vc_column_inner width=\u00a0\u00bb1\/5&Prime;][vc_single_image image=\u00a0\u00bb3604&Prime; img_size=\u00a0\u00bbfull\u00a0\u00bb alignment=\u00a0\u00bbcenter\u00a0\u00bb onclick=\u00a0\u00bblink_image\u00a0\u00bb][\/vc_column_inner][\/vc_row_inner][\/vc_column][\/vc_row][vc_row][vc_column][vc_separator][\/vc_column][\/vc_row]<\/p>\n<\/section>","protected":false},"excerpt":{"rendered":"<p>[vc_row][vc_column][vc_text_separator title=\u00a0\u00bb\u00c0 propos de nous\u00a0\u00bb i_icon_fontawesome=\u00a0\u00bbfar fa-edit\u00a0\u00bb i_color=\u00a0\u00bbjuicy_pink\u00a0\u00bb i_size=\u00a0\u00bbsm\u00a0\u00bb title_align=\u00a0\u00bbseparator_align_left\u00a0\u00bb add_icon=\u00a0\u00bbtrue\u00a0\u00bb][vc_column_text]2 sites diff\u00e9rents, sur une surface totale de production de 50 000 m\u00b2, avec environ 500<span class=\"excerpt-hellip\"> [\u2026]<\/span><\/p>\n","protected":false},"author":6,"featured_media":0,"parent":0,"menu_order":0,"comment_status":"closed","ping_status":"closed","template":"","meta":{"footnotes":""},"class_list":["post-3945","page","type-page","status-publish","hentry"],"_links":{"self":[{"href":"https:\/\/dundarlarmakina.com\/fr\/wp-json\/wp\/v2\/pages\/3945"}],"collection":[{"href":"https:\/\/dundarlarmakina.com\/fr\/wp-json\/wp\/v2\/pages"}],"about":[{"href":"https:\/\/dundarlarmakina.com\/fr\/wp-json\/wp\/v2\/types\/page"}],"author":[{"embeddable":true,"href":"https:\/\/dundarlarmakina.com\/fr\/wp-json\/wp\/v2\/users\/6"}],"replies":[{"embeddable":true,"href":"https:\/\/dundarlarmakina.com\/fr\/wp-json\/wp\/v2\/comments?post=3945"}],"version-history":[{"count":4,"href":"https:\/\/dundarlarmakina.com\/fr\/wp-json\/wp\/v2\/pages\/3945\/revisions"}],"predecessor-version":[{"id":3954,"href":"https:\/\/dundarlarmakina.com\/fr\/wp-json\/wp\/v2\/pages\/3945\/revisions\/3954"}],"wp:attachment":[{"href":"https:\/\/dundarlarmakina.com\/fr\/wp-json\/wp\/v2\/media?parent=3945"}],"curies":[{"name":"wp","href":"https:\/\/api.w.org\/{rel}","templated":true}]}}