{"id":3983,"date":"2023-11-19T14:52:49","date_gmt":"2023-11-19T14:52:49","guid":{"rendered":"https:\/\/dundarlarmakina.com\/?page_id=3983"},"modified":"2023-11-19T14:57:20","modified_gmt":"2023-11-19T14:57:20","slug":"carriere","status":"publish","type":"page","link":"https:\/\/dundarlarmakina.com\/fr\/carriere\/","title":{"rendered":"Carri\u00e8re"},"content":{"rendered":"<section class=\"wpb-content-wrapper\"><p>[vc_row][vc_column][vc_text_separator title=\u00a0\u00bb<b>Carri\u00e8re<\/b>\u00a0\u00bb i_icon_fontawesome=\u00a0\u00bbfas fa-industry\u00a0\u00bb i_color=\u00a0\u00bbjuicy_pink\u00a0\u00bb i_size=\u00a0\u00bbsm\u00a0\u00bb title_align=\u00a0\u00bbseparator_align_left\u00a0\u00bb add_icon=\u00a0\u00bbtrue\u00a0\u00bb][vc_column_text]<span style=\"font-weight: 400;\"><img loading=\"lazy\" decoding=\"async\" class=\" wp-image-2598 alignright\" src=\"\/wp-content\/uploads\/2020\/05\/kariyer.png\" alt=\"kariyer\" width=\"300\" height=\"246\" srcset=\"https:\/\/dundarlarmakina.com\/wp-content\/uploads\/2020\/05\/kariyer.png 378w, https:\/\/dundarlarmakina.com\/wp-content\/uploads\/2020\/05\/kariyer-300x246.png 300w\" sizes=\"(max-width:767px) 300px, 300px\" \/>En tant que D\u00fcndarlar Makina, nous visons et nous effor\u00e7ons de d\u00e9velopper et de mettre en \u0153uvre des strat\u00e9gies de ressources humaines qui s&rsquo;engagent envers nos employ\u00e9s, garantissent la fid\u00e9lit\u00e9 de nos employ\u00e9s, cr\u00e9ent de la valeur et rendent les valeurs permanentes.<br \/>\n<\/span><\/p>\n<p>\u00c0 cet \u00e9gard, nous essayons toujours de fournir un environnement de travail efficace et efficient avec un esprit d&rsquo;\u00e9quipe positif en m\u00e9langeant les perspectives et l&rsquo;\u00e9nergie de nos nouveaux amis avec les connaissances et l&rsquo;exp\u00e9rience de nos v\u00e9t\u00e9rans qui nous ont port\u00e9s jusqu&rsquo;\u00e0 nos jours.<\/p>\n<p>Si vous souhaitez nous rejoindre, vous pouvez envoyer votre CV \u00e0 <strong>ik@dundarlarmacina.com<\/strong> ou remplir le formulaire ci-dessous pour \u00eatre prioritaire si un poste appropri\u00e9 s&rsquo;ouvre.[\/vc_column_text][\/vc_column][\/vc_row][vc_row][vc_column][vc_text_separator title=\u00a0\u00bb<b>Formulaire de demande d&#8217;emploi<\/b>\u00a0\u00bb i_icon_fontawesome=\u00a0\u00bbfas fa-industry\u00a0\u00bb i_color=\u00a0\u00bbjuicy_pink\u00a0\u00bb i_size=\u00a0\u00bbsm\u00a0\u00bb title_align=\u00a0\u00bbseparator_align_left\u00a0\u00bb add_icon=\u00a0\u00bbtrue\u00a0\u00bb]\n<div class=\"wpcf7 no-js\" id=\"wpcf7-f3987-o1\" lang=\"tr-TR\" dir=\"ltr\" data-wpcf7-id=\"3987\">\n<div class=\"screen-reader-response\"><p role=\"status\" aria-live=\"polite\" aria-atomic=\"true\"><\/p> <ul><\/ul><\/div>\n<form action=\"\/fr\/wp-json\/wp\/v2\/pages\/3983#wpcf7-f3987-o1\" method=\"post\" class=\"wpcf7-form init\" aria-label=\"\u0130leti\u015fim Formu\" enctype=\"multipart\/form-data\" novalidate=\"novalidate\" data-status=\"init\">\n<div style=\"display: none;\">\n<input type=\"hidden\" name=\"_wpcf7\" value=\"3987\" \/>\n<input type=\"hidden\" name=\"_wpcf7_version\" value=\"6.0.6\" \/>\n<input type=\"hidden\" name=\"_wpcf7_locale\" value=\"tr_TR\" \/>\n<input type=\"hidden\" name=\"_wpcf7_unit_tag\" value=\"wpcf7-f3987-o1\" \/>\n<input type=\"hidden\" name=\"_wpcf7_container_post\" value=\"0\" \/>\n<input type=\"hidden\" name=\"_wpcf7_posted_data_hash\" value=\"\" \/>\n<\/div>\n<p><label> Nom Prenom (*)<br \/>\n<span class=\"wpcf7-form-control-wrap\" data-name=\"your-name\"><input size=\"40\" maxlength=\"400\" class=\"wpcf7-form-control wpcf7-text wpcf7-validates-as-required\" aria-required=\"true\" aria-invalid=\"false\" value=\"\" type=\"text\" name=\"your-name\" \/><\/span> <\/label>\n<\/p>\n<p><label> Numeros de Telephone (*)<br \/>\n<span class=\"wpcf7-form-control-wrap\" data-name=\"tel-464\"><input size=\"40\" maxlength=\"400\" class=\"wpcf7-form-control wpcf7-tel wpcf7-validates-as-required wpcf7-text wpcf7-validates-as-tel\" aria-required=\"true\" aria-invalid=\"false\" value=\"\" type=\"tel\" name=\"tel-464\" \/><\/span> <\/label>\n<\/p>\n<p><label> E-mail(*)<br \/>\n<span class=\"wpcf7-form-control-wrap\" data-name=\"email-937\"><input size=\"40\" maxlength=\"400\" class=\"wpcf7-form-control wpcf7-email wpcf7-text wpcf7-validates-as-email\" aria-invalid=\"false\" value=\"\" type=\"email\" name=\"email-937\" \/><\/span><\/label>\n<\/p>\n<p><label> Date de Naissance (*)<br \/>\n<span class=\"wpcf7-form-control-wrap\" data-name=\"date-740\"><input class=\"wpcf7-form-control wpcf7-date wpcf7-validates-as-required wpcf7-validates-as-date\" aria-required=\"true\" aria-invalid=\"false\" value=\"\" type=\"date\" name=\"date-740\" \/><\/span> <\/label>\n<\/p>\n<p><label> CV(*)<br \/>\n<span class=\"wpcf7-form-control-wrap\" data-name=\"ozgecmis\"><textarea cols=\"40\" rows=\"10\" maxlength=\"2000\" class=\"wpcf7-form-control wpcf7-textarea wpcf7-validates-as-required\" aria-required=\"true\" aria-invalid=\"false\" name=\"ozgecmis\"><\/textarea><\/span><\/label>\n<\/p>\n<p><span class=\"wpcf7-form-control-wrap\" data-name=\"cw\"><input size=\"40\" class=\"wpcf7-form-control wpcf7-file\" accept=\".doc,.pdf,.docx\" aria-invalid=\"false\" type=\"file\" name=\"cw\" \/><\/span><br \/>\n<span class=\"wpcf7-form-control-wrap\" data-name=\"checkbox-49\"><span class=\"wpcf7-form-control wpcf7-checkbox wpcf7-validates-as-required\"><span class=\"wpcf7-list-item first last\"><label><input type=\"checkbox\" name=\"checkbox-49[]\" value=\"J&#039;accepte le traitement de mes donn\u00e9es personnelles que j&#039;ai fournies dans ce formulaire par D\u00fcndarlar Makina dans le cadre de la loi sur la protection des donn\u00e9es personnelles n\u00b0 6698 (KVKK).\" \/><span class=\"wpcf7-list-item-label\">J&#039;accepte le traitement de mes donn\u00e9es personnelles que j&#039;ai fournies dans ce formulaire par D\u00fcndarlar Makina dans le cadre de la loi sur la protection des donn\u00e9es personnelles n\u00b0 6698 (KVKK).<\/span><\/label><\/span><\/span><\/span>\n<\/p>\n<p><input class=\"wpcf7-form-control wpcf7-submit has-spinner\" type=\"submit\" value=\"Sent\" \/>\n<\/p><div class=\"wpcf7-response-output\" aria-hidden=\"true\"><\/div>\n<\/form>\n<\/div>\n[\/vc_column][\/vc_row]<\/p>\n<\/section>","protected":false},"excerpt":{"rendered":"<p>[vc_row][vc_column][vc_text_separator title=\u00a0\u00bbCarri\u00e8re\u00a0\u00bb i_icon_fontawesome=\u00a0\u00bbfas fa-industry\u00a0\u00bb i_color=\u00a0\u00bbjuicy_pink\u00a0\u00bb i_size=\u00a0\u00bbsm\u00a0\u00bb title_align=\u00a0\u00bbseparator_align_left\u00a0\u00bb add_icon=\u00a0\u00bbtrue\u00a0\u00bb][vc_column_text]En tant que D\u00fcndarlar Makina, nous visons et nous effor\u00e7ons de d\u00e9velopper et de mettre en \u0153uvre des strat\u00e9gies<span class=\"excerpt-hellip\"> [\u2026]<\/span><\/p>\n","protected":false},"author":6,"featured_media":0,"parent":0,"menu_order":0,"comment_status":"closed","ping_status":"closed","template":"","meta":{"footnotes":""},"class_list":["post-3983","page","type-page","status-publish","hentry"],"_links":{"self":[{"href":"https:\/\/dundarlarmakina.com\/fr\/wp-json\/wp\/v2\/pages\/3983"}],"collection":[{"href":"https:\/\/dundarlarmakina.com\/fr\/wp-json\/wp\/v2\/pages"}],"about":[{"href":"https:\/\/dundarlarmakina.com\/fr\/wp-json\/wp\/v2\/types\/page"}],"author":[{"embeddable":true,"href":"https:\/\/dundarlarmakina.com\/fr\/wp-json\/wp\/v2\/users\/6"}],"replies":[{"embeddable":true,"href":"https:\/\/dundarlarmakina.com\/fr\/wp-json\/wp\/v2\/comments?post=3983"}],"version-history":[{"count":6,"href":"https:\/\/dundarlarmakina.com\/fr\/wp-json\/wp\/v2\/pages\/3983\/revisions"}],"predecessor-version":[{"id":3990,"href":"https:\/\/dundarlarmakina.com\/fr\/wp-json\/wp\/v2\/pages\/3983\/revisions\/3990"}],"wp:attachment":[{"href":"https:\/\/dundarlarmakina.com\/fr\/wp-json\/wp\/v2\/media?parent=3983"}],"curies":[{"name":"wp","href":"https:\/\/api.w.org\/{rel}","templated":true}]}}